{"id":6284,"date":"2023-07-25T12:54:13","date_gmt":"2023-07-25T18:54:13","guid":{"rendered":"http:\/\/alteco.org\/?page_id=6284"},"modified":"2024-01-29T10:56:19","modified_gmt":"2024-01-29T17:56:19","slug":"allyson-pastrone","status":"publish","type":"page","link":"https:\/\/alteco.org\/es\/allyson-pastrone","title":{"rendered":"Allyson Pastrone"},"content":{"rendered":"<div data-elementor-type=\"wp-page\" data-elementor-id=\"6284\" class=\"elementor elementor-6284\">\n\t\t\t\t\t\t<section class=\"has_eae_slider elementor-section elementor-top-section elementor-element elementor-element-7838efb8 elementor-section-boxed elementor-section-height-default elementor-section-height-default\" data-eae-slider=\"25318\" data-id=\"7838efb8\" data-element_type=\"section\" data-e-type=\"section\">\n\t\t\t\t\t\t<div class=\"elementor-container elementor-column-gap-wide\">\n\t\t\t\t\t<div class=\"has_eae_slider elementor-column elementor-col-33 elementor-top-column elementor-element elementor-element-421d2f9a\" data-eae-slider=\"73370\" data-id=\"421d2f9a\" data-element_type=\"column\" data-e-type=\"column\">\n\t\t\t<div class=\"elementor-widget-wrap elementor-element-populated\">\n\t\t\t\t\t\t<section class=\"has_eae_slider elementor-section elementor-inner-section elementor-element elementor-element-6666cd26 elementor-section-boxed elementor-section-height-default elementor-section-height-default\" data-eae-slider=\"14028\" data-id=\"6666cd26\" data-element_type=\"section\" data-e-type=\"section\" data-settings=\"{&quot;background_background&quot;:&quot;classic&quot;}\">\n\t\t\t\t\t\t<div class=\"elementor-container elementor-column-gap-default\">\n\t\t\t\t\t<div class=\"has_eae_slider elementor-column elementor-col-100 elementor-inner-column elementor-element elementor-element-2e1b081a\" data-eae-slider=\"57039\" data-id=\"2e1b081a\" data-element_type=\"column\" data-e-type=\"column\">\n\t\t\t<div class=\"elementor-widget-wrap elementor-element-populated\">\n\t\t\t\t\t\t<div class=\"elementor-element elementor-element-73ad0ae7 elementor-widget elementor-widget-image\" data-id=\"73ad0ae7\" data-element_type=\"widget\" data-e-type=\"widget\" data-widget_type=\"image.default\">\n\t\t\t\t<div class=\"elementor-widget-container\">\n\t\t\t\t\t\t\t\t\t\t\t\t\t\t\t<img fetchpriority=\"high\" decoding=\"async\" width=\"539\" height=\"359\" src=\"https:\/\/alteco.org\/wp-content\/uploads\/2023\/07\/Allyson-Pastrone.jpg\" class=\"attachment-large size-large wp-image-6286\" alt=\"Allyson Pastrone\" srcset=\"https:\/\/alteco.org\/wp-content\/uploads\/2023\/07\/Allyson-Pastrone.jpg 539w, https:\/\/alteco.org\/wp-content\/uploads\/2023\/07\/Allyson-Pastrone-300x200.jpg 300w, https:\/\/alteco.org\/wp-content\/uploads\/2023\/07\/Allyson-Pastrone-18x12.jpg 18w\" sizes=\"(max-width: 539px) 100vw, 539px\" \/>\t\t\t\t\t\t\t\t\t\t\t\t\t\t\t<\/div>\n\t\t\t\t<\/div>\n\t\t\t\t<div class=\"elementor-element elementor-element-bc662f5 elementor-widget elementor-widget-heading\" data-id=\"bc662f5\" data-element_type=\"widget\" data-e-type=\"widget\" data-widget_type=\"heading.default\">\n\t\t\t\t<div class=\"elementor-widget-container\">\n\t\t\t\t\t<h3 class=\"elementor-heading-title elementor-size-default\">Allyson Pastrone<\/h3>\t\t\t\t<\/div>\n\t\t\t\t<\/div>\n\t\t\t\t<div class=\"elementor-element elementor-element-b38c1bb elementor-widget elementor-widget-heading\" data-id=\"b38c1bb\" data-element_type=\"widget\" data-e-type=\"widget\" data-widget_type=\"heading.default\">\n\t\t\t\t<div class=\"elementor-widget-container\">\n\t\t\t\t\t<p class=\"elementor-heading-title elementor-size-default\">Contable junior<\/p>\t\t\t\t<\/div>\n\t\t\t\t<\/div>\n\t\t\t\t<div class=\"elementor-element elementor-element-9489633 elementor-widget elementor-widget-heading\" data-id=\"9489633\" data-element_type=\"widget\" data-e-type=\"widget\" data-widget_type=\"heading.default\">\n\t\t\t\t<div class=\"elementor-widget-container\">\n\t\t\t\t\t<h3 class=\"elementor-heading-title elementor-size-default\">North America<\/h3>\t\t\t\t<\/div>\n\t\t\t\t<\/div>\n\t\t\t\t\t<\/div>\n\t\t<\/div>\n\t\t\t\t\t<\/div>\n\t\t<\/section>\n\t\t\t\t\t<\/div>\n\t\t<\/div>\n\t\t\t\t<div class=\"has_eae_slider elementor-column elementor-col-66 elementor-top-column elementor-element elementor-element-72a34506\" data-eae-slider=\"67782\" data-id=\"72a34506\" data-element_type=\"column\" data-e-type=\"column\">\n\t\t\t<div class=\"elementor-widget-wrap elementor-element-populated\">\n\t\t\t\t\t\t<div class=\"elementor-element elementor-element-1dc3afb elementor-widget elementor-widget-spacer\" data-id=\"1dc3afb\" data-element_type=\"widget\" data-e-type=\"widget\" data-widget_type=\"spacer.default\">\n\t\t\t\t<div class=\"elementor-widget-container\">\n\t\t\t\t\t\t\t<div class=\"elementor-spacer\">\n\t\t\t<div class=\"elementor-spacer-inner\"><\/div>\n\t\t<\/div>\n\t\t\t\t\t\t<\/div>\n\t\t\t\t<\/div>\n\t\t\t\t<div class=\"elementor-element elementor-element-1067e93c elementor-widget elementor-widget-text-editor\" data-id=\"1067e93c\" data-element_type=\"widget\" data-e-type=\"widget\" data-widget_type=\"text-editor.default\">\n\t\t\t\t<div class=\"elementor-widget-container\">\n\t\t\t\t\t\t\t\t\t<p>Allyson se uni\u00f3 al equipo de ALTECO en el a\u00f1o 2023 para ayudar en la contabilidad despu\u00e9s de pasar m\u00e1s de 20 a\u00f1os en el trabajo corporativo y ministerial en las \u00e1reas de ventas, reclutamiento, gesti\u00f3n de relaciones, marketing y levantamiento de fondos.<\/p><p>Desarroll\u00f3 una pasi\u00f3n por las naciones y por compartir el Evangelio de Jesucristo durante sus a\u00f1os universitarios en la Universidad Estatal de Colorado, y despu\u00e9s de graduarse sirvi\u00f3 como misionera en Asia Central durante tres a\u00f1os. Tras un regreso imprevisto a los EE.UU. por motivos de salud, pas\u00f3 un tiempo tanto en el \u00e1mbito empresarial como en el ministerial, donde aprendi\u00f3 numerosas habilidades de valor incalculable y trabaj\u00f3 con personas de la localidad, as\u00ed como de todo el pa\u00eds y del mundo. Recientemente sinti\u00f3 que Dios la guiaba a un cambio de carrera y se adentr\u00f3 en la contabilidad, y de ah\u00ed a ALTECO.<\/p><p>Su coraz\u00f3n por las naciones y la difusi\u00f3n de las Buenas Nuevas no ha disminuido, Allyson est\u00e1 encantada de ser parte de ALTECO y el movimiento de edificar y animar a la iglesia ind\u00edgena en la Amazon\u00eda para crecer de manera integral y en formas culturalmente apropiadas y honorables. El enfoque de este ministerio es un est\u00edmulo y un recordatorio de lo mucho que \u00c9l ama a cada ser humano en todos los rincones del mundo y quiere que TODOS tengan vida eterna en \u00c9l.<\/p>\t\t\t\t\t\t\t\t<\/div>\n\t\t\t\t<\/div>\n\t\t\t\t\t<\/div>\n\t\t<\/div>\n\t\t\t\t\t<\/div>\n\t\t<\/section>\n\t\t\t\t<section class=\"has_eae_slider elementor-section elementor-top-section elementor-element elementor-element-160beba1 elementor-section-boxed elementor-section-height-default elementor-section-height-default\" data-eae-slider=\"55791\" data-id=\"160beba1\" data-element_type=\"section\" data-e-type=\"section\">\n\t\t\t\t\t\t<div class=\"elementor-container elementor-column-gap-default\">\n\t\t\t\t\t<div class=\"has_eae_slider elementor-column elementor-col-100 elementor-top-column elementor-element elementor-element-29fd9349\" data-eae-slider=\"68759\" data-id=\"29fd9349\" data-element_type=\"column\" data-e-type=\"column\">\n\t\t\t<div class=\"elementor-widget-wrap elementor-element-populated\">\n\t\t\t\t\t\t<div class=\"elementor-element elementor-element-545c1cce elementor-widget elementor-widget-spacer\" data-id=\"545c1cce\" data-element_type=\"widget\" data-e-type=\"widget\" data-widget_type=\"spacer.default\">\n\t\t\t\t<div class=\"elementor-widget-container\">\n\t\t\t\t\t\t\t<div class=\"elementor-spacer\">\n\t\t\t<div class=\"elementor-spacer-inner\"><\/div>\n\t\t<\/div>\n\t\t\t\t\t\t<\/div>\n\t\t\t\t<\/div>\n\t\t\t\t\t<\/div>\n\t\t<\/div>\n\t\t\t\t\t<\/div>\n\t\t<\/section>\n\t\t\t\t<\/div>","protected":false},"excerpt":{"rendered":"<p>Allyson Pastrone Jr. Bookkeeper North America Allyson joined the ALTECO team in 2023 to assist in bookkeeping after spending over 20 years in corporate and ministry work in the areas of sales, recruitment, relationship management, marketing, and fundraising. She developed a passion for the nations and sharing the Gospel of Jesus Christ during her college [&hellip;]<\/p>\n","protected":false},"author":8402,"featured_media":0,"parent":0,"menu_order":8,"comment_status":"closed","ping_status":"closed","template":"","meta":{"give_campaign_id":0,"ocean_post_layout":"","ocean_both_sidebars_style":"","ocean_both_sidebars_content_width":0,"ocean_both_sidebars_sidebars_width":0,"ocean_sidebar":"0","ocean_second_sidebar":"0","ocean_disable_margins":"enable","ocean_add_body_class":"","ocean_shortcode_before_top_bar":"","ocean_shortcode_after_top_bar":"","ocean_shortcode_before_header":"","ocean_shortcode_after_header":"","ocean_has_shortcode":"","ocean_shortcode_after_title":"","ocean_shortcode_before_footer_widgets":"","ocean_shortcode_after_footer_widgets":"","ocean_shortcode_before_footer_bottom":"","ocean_shortcode_after_footer_bottom":"","ocean_display_top_bar":"default","ocean_display_header":"default","ocean_header_style":"","ocean_center_header_left_menu":"0","ocean_custom_header_template":"0","ocean_custom_logo":0,"ocean_custom_retina_logo":0,"ocean_custom_logo_max_width":0,"ocean_custom_logo_tablet_max_width":0,"ocean_custom_logo_mobile_max_width":0,"ocean_custom_logo_max_height":0,"ocean_custom_logo_tablet_max_height":0,"ocean_custom_logo_mobile_max_height":0,"ocean_header_custom_menu":"0","ocean_menu_typo_font_family":"0","ocean_menu_typo_font_subset":"","ocean_menu_typo_font_size":0,"ocean_menu_typo_font_size_tablet":0,"ocean_menu_typo_font_size_mobile":0,"ocean_menu_typo_font_size_unit":"px","ocean_menu_typo_font_weight":"","ocean_menu_typo_font_weight_tablet":"","ocean_menu_typo_font_weight_mobile":"","ocean_menu_typo_transform":"","ocean_menu_typo_transform_tablet":"","ocean_menu_typo_transform_mobile":"","ocean_menu_typo_line_height":0,"ocean_menu_typo_line_height_tablet":0,"ocean_menu_typo_line_height_mobile":0,"ocean_menu_typo_line_height_unit":"","ocean_menu_typo_spacing":0,"ocean_menu_typo_spacing_tablet":0,"ocean_menu_typo_spacing_mobile":0,"ocean_menu_typo_spacing_unit":"","ocean_menu_link_color":"","ocean_menu_link_color_hover":"","ocean_menu_link_color_active":"","ocean_menu_link_background":"","ocean_menu_link_hover_background":"","ocean_menu_link_active_background":"","ocean_menu_social_links_bg":"","ocean_menu_social_hover_links_bg":"","ocean_menu_social_links_color":"","ocean_menu_social_hover_links_color":"","ocean_disable_title":"default","ocean_disable_heading":"default","ocean_post_title":"","ocean_post_subheading":"","ocean_post_title_style":"","ocean_post_title_background_color":"","ocean_post_title_background":0,"ocean_post_title_bg_image_position":"","ocean_post_title_bg_image_attachment":"","ocean_post_title_bg_image_repeat":"","ocean_post_title_bg_image_size":"","ocean_post_title_height":0,"ocean_post_title_bg_overlay":0.5,"ocean_post_title_bg_overlay_color":"","ocean_disable_breadcrumbs":"default","ocean_breadcrumbs_color":"","ocean_breadcrumbs_separator_color":"","ocean_breadcrumbs_links_color":"","ocean_breadcrumbs_links_hover_color":"","ocean_display_footer_widgets":"default","ocean_display_footer_bottom":"default","ocean_custom_footer_template":"0","footnotes":""},"class_list":["post-6284","page","type-page","status-publish","hentry","entry"],"yoast_head":"<!-- This site is optimized with the Yoast SEO plugin v27.4 - https:\/\/yoast.com\/product\/yoast-seo-wordpress\/ -->\n<title>Alteco - Allyson Pastrone<\/title>\n<meta name=\"description\" content=\"Allyson joined the ALTECO team in 2023 to assist in bookkeeping after spending over 20 years in corporate and ministry work.\" \/>\n<meta name=\"robots\" content=\"index, follow, max-snippet:-1, max-image-preview:large, max-video-preview:-1\" \/>\n<link rel=\"canonical\" href=\"https:\/\/alteco.org\/es\/allyson-pastrone\" \/>\n<meta property=\"og:locale\" content=\"es_MX\" \/>\n<meta property=\"og:type\" content=\"article\" \/>\n<meta property=\"og:title\" content=\"Alteco - Allyson Pastrone\" \/>\n<meta property=\"og:description\" content=\"Allyson joined the ALTECO team in 2023 to assist in bookkeeping after spending over 20 years in corporate and ministry work.\" \/>\n<meta property=\"og:url\" content=\"https:\/\/alteco.org\/es\/allyson-pastrone\" \/>\n<meta property=\"og:site_name\" content=\"Alteco\" \/>\n<meta property=\"article:modified_time\" content=\"2024-01-29T17:56:19+00:00\" \/>\n<meta property=\"og:image\" content=\"http:\/\/alteco.org\/wp-content\/uploads\/2023\/07\/Allyson-Pastrone.jpg\" \/>\n<meta name=\"twitter:card\" content=\"summary_large_image\" \/>\n<meta name=\"twitter:label1\" content=\"Tiempo de lectura\" \/>\n\t<meta name=\"twitter:data1\" content=\"2 minutos\" \/>\n<script type=\"application\/ld+json\" class=\"yoast-schema-graph\">{\"@context\":\"https:\\\/\\\/schema.org\",\"@graph\":[{\"@type\":\"WebPage\",\"@id\":\"https:\\\/\\\/alteco.org\\\/es\\\/allyson-pastrone\",\"url\":\"https:\\\/\\\/alteco.org\\\/es\\\/allyson-pastrone\",\"name\":\"Alteco - Allyson Pastrone\",\"isPartOf\":{\"@id\":\"https:\\\/\\\/alteco.org\\\/#website\"},\"primaryImageOfPage\":{\"@id\":\"https:\\\/\\\/alteco.org\\\/es\\\/allyson-pastrone#primaryimage\"},\"image\":{\"@id\":\"https:\\\/\\\/alteco.org\\\/es\\\/allyson-pastrone#primaryimage\"},\"thumbnailUrl\":\"http:\\\/\\\/alteco.org\\\/wp-content\\\/uploads\\\/2023\\\/07\\\/Allyson-Pastrone.jpg\",\"datePublished\":\"2023-07-25T18:54:13+00:00\",\"dateModified\":\"2024-01-29T17:56:19+00:00\",\"description\":\"Allyson joined the ALTECO team in 2023 to assist in bookkeeping after spending over 20 years in corporate and ministry work.\",\"breadcrumb\":{\"@id\":\"https:\\\/\\\/alteco.org\\\/es\\\/allyson-pastrone#breadcrumb\"},\"inLanguage\":\"es\",\"potentialAction\":[{\"@type\":\"ReadAction\",\"target\":[\"https:\\\/\\\/alteco.org\\\/es\\\/allyson-pastrone\"]}]},{\"@type\":\"ImageObject\",\"inLanguage\":\"es\",\"@id\":\"https:\\\/\\\/alteco.org\\\/es\\\/allyson-pastrone#primaryimage\",\"url\":\"http:\\\/\\\/alteco.org\\\/wp-content\\\/uploads\\\/2023\\\/07\\\/Allyson-Pastrone.jpg\",\"contentUrl\":\"http:\\\/\\\/alteco.org\\\/wp-content\\\/uploads\\\/2023\\\/07\\\/Allyson-Pastrone.jpg\"},{\"@type\":\"BreadcrumbList\",\"@id\":\"https:\\\/\\\/alteco.org\\\/es\\\/allyson-pastrone#breadcrumb\",\"itemListElement\":[{\"@type\":\"ListItem\",\"position\":1,\"name\":\"Home\",\"item\":\"https:\\\/\\\/alteco.org\\\/\"},{\"@type\":\"ListItem\",\"position\":2,\"name\":\"Allyson Pastrone\"}]},{\"@type\":\"WebSite\",\"@id\":\"https:\\\/\\\/alteco.org\\\/#website\",\"url\":\"https:\\\/\\\/alteco.org\\\/\",\"name\":\"Alteco\",\"description\":\"Strengthening the Indigenous Church of the Amazon\",\"publisher\":{\"@id\":\"https:\\\/\\\/alteco.org\\\/#organization\"},\"potentialAction\":[{\"@type\":\"SearchAction\",\"target\":{\"@type\":\"EntryPoint\",\"urlTemplate\":\"https:\\\/\\\/alteco.org\\\/?s={search_term_string}\"},\"query-input\":{\"@type\":\"PropertyValueSpecification\",\"valueRequired\":true,\"valueName\":\"search_term_string\"}}],\"inLanguage\":\"es\"},{\"@type\":\"Organization\",\"@id\":\"https:\\\/\\\/alteco.org\\\/#organization\",\"name\":\"ALTECO\",\"url\":\"https:\\\/\\\/alteco.org\\\/\",\"logo\":{\"@type\":\"ImageObject\",\"inLanguage\":\"es\",\"@id\":\"https:\\\/\\\/alteco.org\\\/#\\\/schema\\\/logo\\\/image\\\/\",\"url\":\"http:\\\/\\\/alteco.org\\\/wp-content\\\/uploads\\\/2020\\\/03\\\/alteco-amazon-and-lowland-tribal-empowerment-coalition-logo.png\",\"contentUrl\":\"http:\\\/\\\/alteco.org\\\/wp-content\\\/uploads\\\/2020\\\/03\\\/alteco-amazon-and-lowland-tribal-empowerment-coalition-logo.png\",\"width\":250,\"height\":170,\"caption\":\"ALTECO\"},\"image\":{\"@id\":\"https:\\\/\\\/alteco.org\\\/#\\\/schema\\\/logo\\\/image\\\/\"}}]}<\/script>\n<!-- \/ Yoast SEO plugin. -->","yoast_head_json":{"title":"Alteco - Allyson Pastrone","description":"Allyson joined the ALTECO team in 2023 to assist in bookkeeping after spending over 20 years in corporate and ministry work.","robots":{"index":"index","follow":"follow","max-snippet":"max-snippet:-1","max-image-preview":"max-image-preview:large","max-video-preview":"max-video-preview:-1"},"canonical":"https:\/\/alteco.org\/es\/allyson-pastrone","og_locale":"es_MX","og_type":"article","og_title":"Alteco - Allyson Pastrone","og_description":"Allyson joined the ALTECO team in 2023 to assist in bookkeeping after spending over 20 years in corporate and ministry work.","og_url":"https:\/\/alteco.org\/es\/allyson-pastrone","og_site_name":"Alteco","article_modified_time":"2024-01-29T17:56:19+00:00","og_image":[{"url":"http:\/\/alteco.org\/wp-content\/uploads\/2023\/07\/Allyson-Pastrone.jpg","type":"","width":"","height":""}],"twitter_card":"summary_large_image","twitter_misc":{"Tiempo de lectura":"2 minutos"},"schema":{"@context":"https:\/\/schema.org","@graph":[{"@type":"WebPage","@id":"https:\/\/alteco.org\/es\/allyson-pastrone","url":"https:\/\/alteco.org\/es\/allyson-pastrone","name":"Alteco - Allyson Pastrone","isPartOf":{"@id":"https:\/\/alteco.org\/#website"},"primaryImageOfPage":{"@id":"https:\/\/alteco.org\/es\/allyson-pastrone#primaryimage"},"image":{"@id":"https:\/\/alteco.org\/es\/allyson-pastrone#primaryimage"},"thumbnailUrl":"http:\/\/alteco.org\/wp-content\/uploads\/2023\/07\/Allyson-Pastrone.jpg","datePublished":"2023-07-25T18:54:13+00:00","dateModified":"2024-01-29T17:56:19+00:00","description":"Allyson joined the ALTECO team in 2023 to assist in bookkeeping after spending over 20 years in corporate and ministry work.","breadcrumb":{"@id":"https:\/\/alteco.org\/es\/allyson-pastrone#breadcrumb"},"inLanguage":"es","potentialAction":[{"@type":"ReadAction","target":["https:\/\/alteco.org\/es\/allyson-pastrone"]}]},{"@type":"ImageObject","inLanguage":"es","@id":"https:\/\/alteco.org\/es\/allyson-pastrone#primaryimage","url":"http:\/\/alteco.org\/wp-content\/uploads\/2023\/07\/Allyson-Pastrone.jpg","contentUrl":"http:\/\/alteco.org\/wp-content\/uploads\/2023\/07\/Allyson-Pastrone.jpg"},{"@type":"BreadcrumbList","@id":"https:\/\/alteco.org\/es\/allyson-pastrone#breadcrumb","itemListElement":[{"@type":"ListItem","position":1,"name":"Home","item":"https:\/\/alteco.org\/"},{"@type":"ListItem","position":2,"name":"Allyson Pastrone"}]},{"@type":"WebSite","@id":"https:\/\/alteco.org\/#website","url":"https:\/\/alteco.org\/","name":"Alteco","description":"Strengthening the Indigenous Church of the Amazon","publisher":{"@id":"https:\/\/alteco.org\/#organization"},"potentialAction":[{"@type":"SearchAction","target":{"@type":"EntryPoint","urlTemplate":"https:\/\/alteco.org\/?s={search_term_string}"},"query-input":{"@type":"PropertyValueSpecification","valueRequired":true,"valueName":"search_term_string"}}],"inLanguage":"es"},{"@type":"Organization","@id":"https:\/\/alteco.org\/#organization","name":"ALTECO","url":"https:\/\/alteco.org\/","logo":{"@type":"ImageObject","inLanguage":"es","@id":"https:\/\/alteco.org\/#\/schema\/logo\/image\/","url":"http:\/\/alteco.org\/wp-content\/uploads\/2020\/03\/alteco-amazon-and-lowland-tribal-empowerment-coalition-logo.png","contentUrl":"http:\/\/alteco.org\/wp-content\/uploads\/2020\/03\/alteco-amazon-and-lowland-tribal-empowerment-coalition-logo.png","width":250,"height":170,"caption":"ALTECO"},"image":{"@id":"https:\/\/alteco.org\/#\/schema\/logo\/image\/"}}]}},"campaignId":"","_links":{"self":[{"href":"https:\/\/alteco.org\/es\/wp-json\/wp\/v2\/pages\/6284","targetHints":{"allow":["GET"]}}],"collection":[{"href":"https:\/\/alteco.org\/es\/wp-json\/wp\/v2\/pages"}],"about":[{"href":"https:\/\/alteco.org\/es\/wp-json\/wp\/v2\/types\/page"}],"author":[{"embeddable":true,"href":"https:\/\/alteco.org\/es\/wp-json\/wp\/v2\/users\/8402"}],"replies":[{"embeddable":true,"href":"https:\/\/alteco.org\/es\/wp-json\/wp\/v2\/comments?post=6284"}],"version-history":[{"count":0,"href":"https:\/\/alteco.org\/es\/wp-json\/wp\/v2\/pages\/6284\/revisions"}],"wp:attachment":[{"href":"https:\/\/alteco.org\/es\/wp-json\/wp\/v2\/media?parent=6284"}],"curies":[{"name":"wp","href":"https:\/\/api.w.org\/{rel}","templated":true}]}}