{"id":5335,"date":"2022-06-28T15:21:03","date_gmt":"2022-06-28T21:21:03","guid":{"rendered":"http:\/\/alteco.org\/?page_id=5335"},"modified":"2024-01-29T10:57:45","modified_gmt":"2024-01-29T17:57:45","slug":"kris-van-wormer","status":"publish","type":"page","link":"https:\/\/alteco.org\/es\/kris-van-wormer","title":{"rendered":"Kris Van Wormer"},"content":{"rendered":"<div data-elementor-type=\"wp-page\" data-elementor-id=\"5335\" class=\"elementor elementor-5335\">\n\t\t\t\t\t\t<section class=\"has_eae_slider elementor-section elementor-top-section elementor-element elementor-element-263dd29 elementor-section-boxed elementor-section-height-default elementor-section-height-default\" data-eae-slider=\"66549\" data-id=\"263dd29\" data-element_type=\"section\" data-e-type=\"section\">\n\t\t\t\t\t\t<div class=\"elementor-container elementor-column-gap-wide\">\n\t\t\t\t\t<div class=\"has_eae_slider elementor-column elementor-col-33 elementor-top-column elementor-element elementor-element-1e0bcabf\" data-eae-slider=\"85185\" data-id=\"1e0bcabf\" data-element_type=\"column\" data-e-type=\"column\">\n\t\t\t<div class=\"elementor-widget-wrap elementor-element-populated\">\n\t\t\t\t\t\t<section class=\"has_eae_slider elementor-section elementor-inner-section elementor-element elementor-element-651aac35 elementor-section-boxed elementor-section-height-default elementor-section-height-default\" data-eae-slider=\"9281\" data-id=\"651aac35\" data-element_type=\"section\" data-e-type=\"section\" data-settings=\"{&quot;background_background&quot;:&quot;classic&quot;}\">\n\t\t\t\t\t\t<div class=\"elementor-container elementor-column-gap-default\">\n\t\t\t\t\t<div class=\"has_eae_slider elementor-column elementor-col-100 elementor-inner-column elementor-element elementor-element-7efda4ec\" data-eae-slider=\"34014\" data-id=\"7efda4ec\" data-element_type=\"column\" data-e-type=\"column\">\n\t\t\t<div class=\"elementor-widget-wrap elementor-element-populated\">\n\t\t\t\t\t\t<div class=\"elementor-element elementor-element-1c60b43 elementor-widget elementor-widget-image\" data-id=\"1c60b43\" data-element_type=\"widget\" data-e-type=\"widget\" data-widget_type=\"image.default\">\n\t\t\t\t<div class=\"elementor-widget-container\">\n\t\t\t\t\t\t\t\t\t\t\t\t\t\t\t<img fetchpriority=\"high\" decoding=\"async\" width=\"650\" height=\"458\" src=\"https:\/\/alteco.org\/wp-content\/uploads\/2021\/11\/kris-headshot-e1706549899912.jpg\" class=\"attachment-large size-large wp-image-4253\" alt=\"kris headshot\" srcset=\"https:\/\/alteco.org\/wp-content\/uploads\/2021\/11\/kris-headshot-e1706549899912.jpg 650w, https:\/\/alteco.org\/wp-content\/uploads\/2021\/11\/kris-headshot-e1706549899912-300x211.jpg 300w, https:\/\/alteco.org\/wp-content\/uploads\/2021\/11\/kris-headshot-e1706549899912-18x12.jpg 18w\" sizes=\"(max-width: 650px) 100vw, 650px\" \/>\t\t\t\t\t\t\t\t\t\t\t\t\t\t\t<\/div>\n\t\t\t\t<\/div>\n\t\t\t\t<div class=\"elementor-element elementor-element-7ee16a13 elementor-widget elementor-widget-heading\" data-id=\"7ee16a13\" data-element_type=\"widget\" data-e-type=\"widget\" data-widget_type=\"heading.default\">\n\t\t\t\t<div class=\"elementor-widget-container\">\n\t\t\t\t\t<h3 class=\"elementor-heading-title elementor-size-default\">Kris Van Wormer<\/h3>\t\t\t\t<\/div>\n\t\t\t\t<\/div>\n\t\t\t\t<div class=\"elementor-element elementor-element-cae15d4 elementor-widget elementor-widget-heading\" data-id=\"cae15d4\" data-element_type=\"widget\" data-e-type=\"widget\" data-widget_type=\"heading.default\">\n\t\t\t\t<div class=\"elementor-widget-container\">\n\t\t\t\t\t<p class=\"elementor-heading-title elementor-size-default\">Contable senior<\/p>\t\t\t\t<\/div>\n\t\t\t\t<\/div>\n\t\t\t\t<div class=\"elementor-element elementor-element-389df31 elementor-widget elementor-widget-heading\" data-id=\"389df31\" data-element_type=\"widget\" data-e-type=\"widget\" data-widget_type=\"heading.default\">\n\t\t\t\t<div class=\"elementor-widget-container\">\n\t\t\t\t\t<h3 class=\"elementor-heading-title elementor-size-default\">North America<\/h3>\t\t\t\t<\/div>\n\t\t\t\t<\/div>\n\t\t\t\t\t<\/div>\n\t\t<\/div>\n\t\t\t\t\t<\/div>\n\t\t<\/section>\n\t\t\t\t\t<\/div>\n\t\t<\/div>\n\t\t\t\t<div class=\"has_eae_slider elementor-column elementor-col-66 elementor-top-column elementor-element elementor-element-6fc9e851\" data-eae-slider=\"56202\" data-id=\"6fc9e851\" data-element_type=\"column\" data-e-type=\"column\">\n\t\t\t<div class=\"elementor-widget-wrap elementor-element-populated\">\n\t\t\t\t\t\t<div class=\"elementor-element elementor-element-db1490e elementor-widget elementor-widget-spacer\" data-id=\"db1490e\" data-element_type=\"widget\" data-e-type=\"widget\" data-widget_type=\"spacer.default\">\n\t\t\t\t<div class=\"elementor-widget-container\">\n\t\t\t\t\t\t\t<div class=\"elementor-spacer\">\n\t\t\t<div class=\"elementor-spacer-inner\"><\/div>\n\t\t<\/div>\n\t\t\t\t\t\t<\/div>\n\t\t\t\t<\/div>\n\t\t\t\t<div class=\"elementor-element elementor-element-18b21ae elementor-widget elementor-widget-text-editor\" data-id=\"18b21ae\" data-element_type=\"widget\" data-e-type=\"widget\" data-widget_type=\"text-editor.default\">\n\t\t\t\t<div class=\"elementor-widget-container\">\n\t\t\t\t\t\t\t\t\t<p>Kris trae treinta y cinco a\u00f1os de experiencia de contabilidad a Alteco. Ella ha conocido y apoyado a Alteco durante los \u00faltimos a\u00f1os.<\/p><p>En los \u00faltimos 12 a\u00f1os se ha enfocado en la contabilidad de iglesias, iglesias nuevas y peque\u00f1os ministerios. Su pasi\u00f3n ha sido ayudar, capacitar y ayudar a los ministerios a seguir el camino correcto con sus finanzas. En un momento, ella pens\u00f3 que quer\u00eda trabajar en el extranjero, pero Dios ten\u00eda otros planes.<\/p><p>Acaba de completar su t\u00edtulo de Asociados en la Universidad Cristiana de Colorado en Administraci\u00f3n sin fines de lucro. Ella contin\u00faa obteniendo su licenciatura en Administraci\u00f3n de Organizaciones sin Fines de Lucro.<\/p>\t\t\t\t\t\t\t\t<\/div>\n\t\t\t\t<\/div>\n\t\t\t\t\t<\/div>\n\t\t<\/div>\n\t\t\t\t\t<\/div>\n\t\t<\/section>\n\t\t\t\t<section class=\"has_eae_slider elementor-section elementor-top-section elementor-element elementor-element-1a5f7469 elementor-section-boxed elementor-section-height-default elementor-section-height-default\" data-eae-slider=\"83037\" data-id=\"1a5f7469\" data-element_type=\"section\" data-e-type=\"section\">\n\t\t\t\t\t\t<div class=\"elementor-container elementor-column-gap-default\">\n\t\t\t\t\t<div class=\"has_eae_slider elementor-column elementor-col-100 elementor-top-column elementor-element elementor-element-2411e5df\" data-eae-slider=\"2397\" data-id=\"2411e5df\" data-element_type=\"column\" data-e-type=\"column\">\n\t\t\t<div class=\"elementor-widget-wrap elementor-element-populated\">\n\t\t\t\t\t\t<div class=\"elementor-element elementor-element-6566f349 elementor-widget elementor-widget-spacer\" data-id=\"6566f349\" data-element_type=\"widget\" data-e-type=\"widget\" data-widget_type=\"spacer.default\">\n\t\t\t\t<div class=\"elementor-widget-container\">\n\t\t\t\t\t\t\t<div class=\"elementor-spacer\">\n\t\t\t<div class=\"elementor-spacer-inner\"><\/div>\n\t\t<\/div>\n\t\t\t\t\t\t<\/div>\n\t\t\t\t<\/div>\n\t\t\t\t\t<\/div>\n\t\t<\/div>\n\t\t\t\t\t<\/div>\n\t\t<\/section>\n\t\t\t\t<\/div>","protected":false},"excerpt":{"rendered":"<p>Kris Van Wormer Sr. Bookkeeper North America Kris brings thirty-five years of accounting experience to Alteco. She has known and supported Alteco for the past few years. In the past 12 years she has focused on accounting for churches, new church plants, and small ministries. Her passion has been to assist, train, and help ministries [&hellip;]<\/p>\n","protected":false},"author":8402,"featured_media":0,"parent":0,"menu_order":8,"comment_status":"closed","ping_status":"closed","template":"","meta":{"give_campaign_id":0,"ocean_post_layout":"","ocean_both_sidebars_style":"","ocean_both_sidebars_content_width":0,"ocean_both_sidebars_sidebars_width":0,"ocean_sidebar":"0","ocean_second_sidebar":"0","ocean_disable_margins":"enable","ocean_add_body_class":"","ocean_shortcode_before_top_bar":"","ocean_shortcode_after_top_bar":"","ocean_shortcode_before_header":"","ocean_shortcode_after_header":"","ocean_has_shortcode":"","ocean_shortcode_after_title":"","ocean_shortcode_before_footer_widgets":"","ocean_shortcode_after_footer_widgets":"","ocean_shortcode_before_footer_bottom":"","ocean_shortcode_after_footer_bottom":"","ocean_display_top_bar":"default","ocean_display_header":"default","ocean_header_style":"","ocean_center_header_left_menu":"0","ocean_custom_header_template":"0","ocean_custom_logo":0,"ocean_custom_retina_logo":0,"ocean_custom_logo_max_width":0,"ocean_custom_logo_tablet_max_width":0,"ocean_custom_logo_mobile_max_width":0,"ocean_custom_logo_max_height":0,"ocean_custom_logo_tablet_max_height":0,"ocean_custom_logo_mobile_max_height":0,"ocean_header_custom_menu":"0","ocean_menu_typo_font_family":"0","ocean_menu_typo_font_subset":"","ocean_menu_typo_font_size":0,"ocean_menu_typo_font_size_tablet":0,"ocean_menu_typo_font_size_mobile":0,"ocean_menu_typo_font_size_unit":"px","ocean_menu_typo_font_weight":"","ocean_menu_typo_font_weight_tablet":"","ocean_menu_typo_font_weight_mobile":"","ocean_menu_typo_transform":"","ocean_menu_typo_transform_tablet":"","ocean_menu_typo_transform_mobile":"","ocean_menu_typo_line_height":0,"ocean_menu_typo_line_height_tablet":0,"ocean_menu_typo_line_height_mobile":0,"ocean_menu_typo_line_height_unit":"","ocean_menu_typo_spacing":0,"ocean_menu_typo_spacing_tablet":0,"ocean_menu_typo_spacing_mobile":0,"ocean_menu_typo_spacing_unit":"","ocean_menu_link_color":"","ocean_menu_link_color_hover":"","ocean_menu_link_color_active":"","ocean_menu_link_background":"","ocean_menu_link_hover_background":"","ocean_menu_link_active_background":"","ocean_menu_social_links_bg":"","ocean_menu_social_hover_links_bg":"","ocean_menu_social_links_color":"","ocean_menu_social_hover_links_color":"","ocean_disable_title":"default","ocean_disable_heading":"default","ocean_post_title":"","ocean_post_subheading":"","ocean_post_title_style":"","ocean_post_title_background_color":"","ocean_post_title_background":0,"ocean_post_title_bg_image_position":"","ocean_post_title_bg_image_attachment":"","ocean_post_title_bg_image_repeat":"","ocean_post_title_bg_image_size":"","ocean_post_title_height":0,"ocean_post_title_bg_overlay":0.5,"ocean_post_title_bg_overlay_color":"","ocean_disable_breadcrumbs":"default","ocean_breadcrumbs_color":"","ocean_breadcrumbs_separator_color":"","ocean_breadcrumbs_links_color":"","ocean_breadcrumbs_links_hover_color":"","ocean_display_footer_widgets":"default","ocean_display_footer_bottom":"default","ocean_custom_footer_template":"0","footnotes":""},"class_list":["post-5335","page","type-page","status-publish","hentry","entry"],"yoast_head":"<!-- This site is optimized with the Yoast SEO plugin v27.3 - https:\/\/yoast.com\/product\/yoast-seo-wordpress\/ -->\n<title>Alteco - Kris Van Wormer<\/title>\n<meta name=\"description\" content=\"Kris brings thirty-five years of accounting experience to Alteco. She has known and supported Alteco for the past few years.\" \/>\n<meta name=\"robots\" content=\"index, follow, max-snippet:-1, max-image-preview:large, max-video-preview:-1\" \/>\n<link rel=\"canonical\" href=\"https:\/\/alteco.org\/es\/kris-van-wormer\/\" \/>\n<meta property=\"og:locale\" content=\"es_MX\" \/>\n<meta property=\"og:type\" content=\"article\" \/>\n<meta property=\"og:title\" content=\"Alteco - Kris Van Wormer\" \/>\n<meta property=\"og:description\" content=\"Kris brings thirty-five years of accounting experience to Alteco. She has known and supported Alteco for the past few years.\" \/>\n<meta property=\"og:url\" content=\"https:\/\/alteco.org\/es\/kris-van-wormer\/\" \/>\n<meta property=\"og:site_name\" content=\"Alteco\" \/>\n<meta property=\"article:modified_time\" content=\"2024-01-29T17:57:45+00:00\" \/>\n<meta property=\"og:image\" content=\"http:\/\/alteco.org\/wp-content\/uploads\/2021\/11\/kris-headshot-e1706549899912.jpg\" \/>\n<meta name=\"twitter:card\" content=\"summary_large_image\" \/>\n<meta name=\"twitter:label1\" content=\"Tiempo de lectura\" \/>\n\t<meta name=\"twitter:data1\" content=\"1 minuto\" \/>\n<script type=\"application\/ld+json\" class=\"yoast-schema-graph\">{\"@context\":\"https:\\\/\\\/schema.org\",\"@graph\":[{\"@type\":\"WebPage\",\"@id\":\"https:\\\/\\\/alteco.org\\\/kris-van-wormer\",\"url\":\"https:\\\/\\\/alteco.org\\\/kris-van-wormer\",\"name\":\"Alteco - Kris Van Wormer\",\"isPartOf\":{\"@id\":\"https:\\\/\\\/alteco.org\\\/#website\"},\"primaryImageOfPage\":{\"@id\":\"https:\\\/\\\/alteco.org\\\/kris-van-wormer#primaryimage\"},\"image\":{\"@id\":\"https:\\\/\\\/alteco.org\\\/kris-van-wormer#primaryimage\"},\"thumbnailUrl\":\"http:\\\/\\\/alteco.org\\\/wp-content\\\/uploads\\\/2021\\\/11\\\/kris-headshot-e1706549899912.jpg\",\"datePublished\":\"2022-06-28T21:21:03+00:00\",\"dateModified\":\"2024-01-29T17:57:45+00:00\",\"description\":\"Kris brings thirty-five years of accounting experience to Alteco. She has known and supported Alteco for the past few years.\",\"breadcrumb\":{\"@id\":\"https:\\\/\\\/alteco.org\\\/kris-van-wormer#breadcrumb\"},\"inLanguage\":\"es\",\"potentialAction\":[{\"@type\":\"ReadAction\",\"target\":[\"https:\\\/\\\/alteco.org\\\/kris-van-wormer\"]}]},{\"@type\":\"ImageObject\",\"inLanguage\":\"es\",\"@id\":\"https:\\\/\\\/alteco.org\\\/kris-van-wormer#primaryimage\",\"url\":\"http:\\\/\\\/alteco.org\\\/wp-content\\\/uploads\\\/2021\\\/11\\\/kris-headshot-e1706549899912.jpg\",\"contentUrl\":\"http:\\\/\\\/alteco.org\\\/wp-content\\\/uploads\\\/2021\\\/11\\\/kris-headshot-e1706549899912.jpg\"},{\"@type\":\"BreadcrumbList\",\"@id\":\"https:\\\/\\\/alteco.org\\\/kris-van-wormer#breadcrumb\",\"itemListElement\":[{\"@type\":\"ListItem\",\"position\":1,\"name\":\"Home\",\"item\":\"https:\\\/\\\/alteco.org\\\/\"},{\"@type\":\"ListItem\",\"position\":2,\"name\":\"Kris Van Wormer\"}]},{\"@type\":\"WebSite\",\"@id\":\"https:\\\/\\\/alteco.org\\\/#website\",\"url\":\"https:\\\/\\\/alteco.org\\\/\",\"name\":\"Alteco\",\"description\":\"Strengthening the Indigenous Church of the Amazon\",\"publisher\":{\"@id\":\"https:\\\/\\\/alteco.org\\\/#organization\"},\"potentialAction\":[{\"@type\":\"SearchAction\",\"target\":{\"@type\":\"EntryPoint\",\"urlTemplate\":\"https:\\\/\\\/alteco.org\\\/?s={search_term_string}\"},\"query-input\":{\"@type\":\"PropertyValueSpecification\",\"valueRequired\":true,\"valueName\":\"search_term_string\"}}],\"inLanguage\":\"es\"},{\"@type\":\"Organization\",\"@id\":\"https:\\\/\\\/alteco.org\\\/#organization\",\"name\":\"ALTECO\",\"url\":\"https:\\\/\\\/alteco.org\\\/\",\"logo\":{\"@type\":\"ImageObject\",\"inLanguage\":\"es\",\"@id\":\"https:\\\/\\\/alteco.org\\\/#\\\/schema\\\/logo\\\/image\\\/\",\"url\":\"http:\\\/\\\/alteco.org\\\/wp-content\\\/uploads\\\/2020\\\/03\\\/alteco-amazon-and-lowland-tribal-empowerment-coalition-logo.png\",\"contentUrl\":\"http:\\\/\\\/alteco.org\\\/wp-content\\\/uploads\\\/2020\\\/03\\\/alteco-amazon-and-lowland-tribal-empowerment-coalition-logo.png\",\"width\":250,\"height\":170,\"caption\":\"ALTECO\"},\"image\":{\"@id\":\"https:\\\/\\\/alteco.org\\\/#\\\/schema\\\/logo\\\/image\\\/\"}}]}<\/script>\n<!-- \/ Yoast SEO plugin. -->","yoast_head_json":{"title":"Alteco - Kris Van Wormer","description":"Kris trae treinta y cinco a\u00f1os de experiencia de contabilidad a Alteco. Ella ha conocido y apoyado a Alteco durante los \u00faltimos a\u00f1os.","robots":{"index":"index","follow":"follow","max-snippet":"max-snippet:-1","max-image-preview":"max-image-preview:large","max-video-preview":"max-video-preview:-1"},"canonical":"https:\/\/alteco.org\/es\/kris-van-wormer\/","og_locale":"es_MX","og_type":"article","og_title":"Alteco - Kris Van Wormer","og_description":"Kris brings thirty-five years of accounting experience to Alteco. She has known and supported Alteco for the past few years.","og_url":"https:\/\/alteco.org\/es\/kris-van-wormer\/","og_site_name":"Alteco","article_modified_time":"2024-01-29T17:57:45+00:00","og_image":[{"url":"http:\/\/alteco.org\/wp-content\/uploads\/2021\/11\/kris-headshot-e1706549899912.jpg","type":"","width":"","height":""}],"twitter_card":"summary_large_image","twitter_misc":{"Tiempo de lectura":"1 minuto"},"schema":{"@context":"https:\/\/schema.org","@graph":[{"@type":"WebPage","@id":"https:\/\/alteco.org\/kris-van-wormer","url":"https:\/\/alteco.org\/kris-van-wormer","name":"Alteco - Kris Van Wormer","isPartOf":{"@id":"https:\/\/alteco.org\/#website"},"primaryImageOfPage":{"@id":"https:\/\/alteco.org\/kris-van-wormer#primaryimage"},"image":{"@id":"https:\/\/alteco.org\/kris-van-wormer#primaryimage"},"thumbnailUrl":"http:\/\/alteco.org\/wp-content\/uploads\/2021\/11\/kris-headshot-e1706549899912.jpg","datePublished":"2022-06-28T21:21:03+00:00","dateModified":"2024-01-29T17:57:45+00:00","description":"Kris trae treinta y cinco a\u00f1os de experiencia de contabilidad a Alteco. Ella ha conocido y apoyado a Alteco durante los \u00faltimos a\u00f1os.","breadcrumb":{"@id":"https:\/\/alteco.org\/kris-van-wormer#breadcrumb"},"inLanguage":"es","potentialAction":[{"@type":"ReadAction","target":["https:\/\/alteco.org\/kris-van-wormer"]}]},{"@type":"ImageObject","inLanguage":"es","@id":"https:\/\/alteco.org\/kris-van-wormer#primaryimage","url":"http:\/\/alteco.org\/wp-content\/uploads\/2021\/11\/kris-headshot-e1706549899912.jpg","contentUrl":"http:\/\/alteco.org\/wp-content\/uploads\/2021\/11\/kris-headshot-e1706549899912.jpg"},{"@type":"BreadcrumbList","@id":"https:\/\/alteco.org\/kris-van-wormer#breadcrumb","itemListElement":[{"@type":"ListItem","position":1,"name":"Home","item":"https:\/\/alteco.org\/"},{"@type":"ListItem","position":2,"name":"Kris Van Wormer"}]},{"@type":"WebSite","@id":"https:\/\/alteco.org\/#website","url":"https:\/\/alteco.org\/","name":"Alteco","description":"Strengthening the Indigenous Church of the Amazon","publisher":{"@id":"https:\/\/alteco.org\/#organization"},"potentialAction":[{"@type":"SearchAction","target":{"@type":"EntryPoint","urlTemplate":"https:\/\/alteco.org\/?s={search_term_string}"},"query-input":{"@type":"PropertyValueSpecification","valueRequired":true,"valueName":"search_term_string"}}],"inLanguage":"es"},{"@type":"Organization","@id":"https:\/\/alteco.org\/#organization","name":"ALTECO","url":"https:\/\/alteco.org\/","logo":{"@type":"ImageObject","inLanguage":"es","@id":"https:\/\/alteco.org\/#\/schema\/logo\/image\/","url":"http:\/\/alteco.org\/wp-content\/uploads\/2020\/03\/alteco-amazon-and-lowland-tribal-empowerment-coalition-logo.png","contentUrl":"http:\/\/alteco.org\/wp-content\/uploads\/2020\/03\/alteco-amazon-and-lowland-tribal-empowerment-coalition-logo.png","width":250,"height":170,"caption":"ALTECO"},"image":{"@id":"https:\/\/alteco.org\/#\/schema\/logo\/image\/"}}]}},"campaignId":"","_links":{"self":[{"href":"https:\/\/alteco.org\/es\/wp-json\/wp\/v2\/pages\/5335","targetHints":{"allow":["GET"]}}],"collection":[{"href":"https:\/\/alteco.org\/es\/wp-json\/wp\/v2\/pages"}],"about":[{"href":"https:\/\/alteco.org\/es\/wp-json\/wp\/v2\/types\/page"}],"author":[{"embeddable":true,"href":"https:\/\/alteco.org\/es\/wp-json\/wp\/v2\/users\/8402"}],"replies":[{"embeddable":true,"href":"https:\/\/alteco.org\/es\/wp-json\/wp\/v2\/comments?post=5335"}],"version-history":[{"count":0,"href":"https:\/\/alteco.org\/es\/wp-json\/wp\/v2\/pages\/5335\/revisions"}],"wp:attachment":[{"href":"https:\/\/alteco.org\/es\/wp-json\/wp\/v2\/media?parent=5335"}],"curies":[{"name":"wp","href":"https:\/\/api.w.org\/{rel}","templated":true}]}}