{"id":5330,"date":"2022-06-28T15:19:23","date_gmt":"2022-06-28T21:19:23","guid":{"rendered":"http:\/\/alteco.org\/?page_id=5330"},"modified":"2025-03-20T15:41:40","modified_gmt":"2025-03-20T21:41:40","slug":"viki-kooiman","status":"publish","type":"page","link":"https:\/\/alteco.org\/es\/viki-kooiman","title":{"rendered":"Viki Kooiman"},"content":{"rendered":"<div data-elementor-type=\"wp-page\" data-elementor-id=\"5330\" class=\"elementor elementor-5330\">\n\t\t\t\t\t\t<section class=\"has_eae_slider elementor-section elementor-top-section elementor-element elementor-element-5194cec0 elementor-section-boxed elementor-section-height-default elementor-section-height-default\" data-eae-slider=\"62856\" data-id=\"5194cec0\" data-element_type=\"section\" data-e-type=\"section\">\n\t\t\t\t\t\t<div class=\"elementor-container elementor-column-gap-wide\">\n\t\t\t\t\t<div class=\"has_eae_slider elementor-column elementor-col-33 elementor-top-column elementor-element elementor-element-57adc5ac\" data-eae-slider=\"33311\" data-id=\"57adc5ac\" data-element_type=\"column\" data-e-type=\"column\">\n\t\t\t<div class=\"elementor-widget-wrap elementor-element-populated\">\n\t\t\t\t\t\t<section class=\"has_eae_slider elementor-section elementor-inner-section elementor-element elementor-element-41f89c50 elementor-section-boxed elementor-section-height-default elementor-section-height-default\" data-eae-slider=\"67649\" data-id=\"41f89c50\" data-element_type=\"section\" data-e-type=\"section\" data-settings=\"{&quot;background_background&quot;:&quot;classic&quot;}\">\n\t\t\t\t\t\t<div class=\"elementor-container elementor-column-gap-default\">\n\t\t\t\t\t<div class=\"has_eae_slider elementor-column elementor-col-100 elementor-inner-column elementor-element elementor-element-6917804f\" data-eae-slider=\"71057\" data-id=\"6917804f\" data-element_type=\"column\" data-e-type=\"column\">\n\t\t\t<div class=\"elementor-widget-wrap elementor-element-populated\">\n\t\t\t\t\t\t<div class=\"elementor-element elementor-element-13471fff elementor-widget elementor-widget-image\" data-id=\"13471fff\" data-element_type=\"widget\" data-e-type=\"widget\" data-widget_type=\"image.default\">\n\t\t\t\t<div class=\"elementor-widget-container\">\n\t\t\t\t\t\t\t\t\t\t\t\t\t\t\t<img fetchpriority=\"high\" decoding=\"async\" width=\"705\" height=\"470\" src=\"https:\/\/alteco.org\/wp-content\/uploads\/2024\/07\/Viki-Kooiman-24.jpg\" class=\"attachment-large size-large wp-image-7122\" alt=\"Viki Kooiman headshot.\" srcset=\"https:\/\/alteco.org\/wp-content\/uploads\/2024\/07\/Viki-Kooiman-24.jpg 705w, https:\/\/alteco.org\/wp-content\/uploads\/2024\/07\/Viki-Kooiman-24-300x200.jpg 300w, https:\/\/alteco.org\/wp-content\/uploads\/2024\/07\/Viki-Kooiman-24-18x12.jpg 18w\" sizes=\"(max-width: 705px) 100vw, 705px\" \/>\t\t\t\t\t\t\t\t\t\t\t\t\t\t\t<\/div>\n\t\t\t\t<\/div>\n\t\t\t\t<div class=\"elementor-element elementor-element-490a36d5 elementor-widget elementor-widget-heading\" data-id=\"490a36d5\" data-element_type=\"widget\" data-e-type=\"widget\" data-widget_type=\"heading.default\">\n\t\t\t\t<div class=\"elementor-widget-container\">\n\t\t\t\t\t<h3 class=\"elementor-heading-title elementor-size-default\">Viki Kooiman<\/h3>\t\t\t\t<\/div>\n\t\t\t\t<\/div>\n\t\t\t\t<div class=\"elementor-element elementor-element-29f4683 elementor-widget elementor-widget-heading\" data-id=\"29f4683\" data-element_type=\"widget\" data-e-type=\"widget\" data-widget_type=\"heading.default\">\n\t\t\t\t<div class=\"elementor-widget-container\">\n\t\t\t\t\t<p class=\"elementor-heading-title elementor-size-default\">Secretaria \/ Oficial de Comunicaciones<\/p>\t\t\t\t<\/div>\n\t\t\t\t<\/div>\n\t\t\t\t<div class=\"elementor-element elementor-element-bfee4a3 elementor-widget elementor-widget-heading\" data-id=\"bfee4a3\" data-element_type=\"widget\" data-e-type=\"widget\" data-widget_type=\"heading.default\">\n\t\t\t\t<div class=\"elementor-widget-container\">\n\t\t\t\t\t<h3 class=\"elementor-heading-title elementor-size-default\">North America<\/h3>\t\t\t\t<\/div>\n\t\t\t\t<\/div>\n\t\t\t\t\t<\/div>\n\t\t<\/div>\n\t\t\t\t\t<\/div>\n\t\t<\/section>\n\t\t\t\t\t<\/div>\n\t\t<\/div>\n\t\t\t\t<div class=\"has_eae_slider elementor-column elementor-col-66 elementor-top-column elementor-element elementor-element-4627c03\" data-eae-slider=\"27805\" data-id=\"4627c03\" data-element_type=\"column\" data-e-type=\"column\">\n\t\t\t<div class=\"elementor-widget-wrap elementor-element-populated\">\n\t\t\t\t\t\t<div class=\"elementor-element elementor-element-37f24adb elementor-widget elementor-widget-spacer\" data-id=\"37f24adb\" data-element_type=\"widget\" data-e-type=\"widget\" data-widget_type=\"spacer.default\">\n\t\t\t\t<div class=\"elementor-widget-container\">\n\t\t\t\t\t\t\t<div class=\"elementor-spacer\">\n\t\t\t<div class=\"elementor-spacer-inner\"><\/div>\n\t\t<\/div>\n\t\t\t\t\t\t<\/div>\n\t\t\t\t<\/div>\n\t\t\t\t<div class=\"elementor-element elementor-element-5d7fe837 elementor-widget elementor-widget-text-editor\" data-id=\"5d7fe837\" data-element_type=\"widget\" data-e-type=\"widget\" data-widget_type=\"text-editor.default\">\n\t\t\t\t<div class=\"elementor-widget-container\">\n\t\t\t\t\t\t\t\t\t<p>A medida que Dios entrelaza las historias de nuestras vidas, a menudo trae experiencias del pasado a la luz. Despu\u00e9s de estar familiarizado y apoyar a ALTECO durante varios a\u00f1os, Viki se uni\u00f3 recientemente a nuestro equipo en 2021 para servir como Administrador Interino.<\/p><p>Viki estaba interesado en otras culturas del mundo incluso cuando era ni\u00f1o. Cuando visit\u00f3 por primera vez Sudam\u00e9rica cuando era adolescente, nunca imagin\u00f3 que muchos a\u00f1os despu\u00e9s Dios le permitir\u00eda la oportunidad de ser parte de lo que \u00c9l est\u00e1 haciendo all\u00ed.Hoy, cuando levanta la vista de su computadora port\u00e1til en Kentucky para admirar una vieja foto de la puesta de sol sobre el Amazonas y luego vuelve a elaborar boletines informativos que ayudan a los l\u00edderes ind\u00edgenas en \u00e1reas no alcanzadas, se llena de asombro y agradecimiento por la forma en que Dios trabaja.<\/p><p>Viki tiene una pasi\u00f3n por servir a los dem\u00e1s, fortalecer a las familias y comunidades, y apoyar el liderazgo. Esto la llev\u00f3 a desarrollar una formaci\u00f3n en \u00e1reas de trabajo social, TESOL, servicio al cliente y ministerio urbano. Estas experiencias la ayudaron a ver un mayor valor en las \"actividades detr\u00e1s de escena\" y desarrollaron a\u00fan m\u00e1s su deseo de apoyar a los dem\u00e1s de manera que animar la eficiencia y la efectividad. Como secretaria \/ oficial de comunicaciones de ALTECO, considera que coordinar las comunicaciones y mantener los sistemas es un honor y un regalo del Se\u00f1or. Le encanta ver que las piezas se unen, confiando en que el papel que desempe\u00f1a en ayudar al equipo es una peque\u00f1a parte de algo mucho, mucho m\u00e1s grande.<\/p>\t\t\t\t\t\t\t\t<\/div>\n\t\t\t\t<\/div>\n\t\t\t\t\t<\/div>\n\t\t<\/div>\n\t\t\t\t\t<\/div>\n\t\t<\/section>\n\t\t\t\t<section class=\"has_eae_slider elementor-section elementor-top-section elementor-element elementor-element-58211cfb elementor-section-boxed elementor-section-height-default elementor-section-height-default\" data-eae-slider=\"25522\" data-id=\"58211cfb\" data-element_type=\"section\" data-e-type=\"section\">\n\t\t\t\t\t\t<div class=\"elementor-container elementor-column-gap-default\">\n\t\t\t\t\t<div class=\"has_eae_slider elementor-column elementor-col-100 elementor-top-column elementor-element elementor-element-5a03fb3e\" data-eae-slider=\"91927\" data-id=\"5a03fb3e\" data-element_type=\"column\" data-e-type=\"column\">\n\t\t\t<div class=\"elementor-widget-wrap elementor-element-populated\">\n\t\t\t\t\t\t<div class=\"elementor-element elementor-element-2344fd5 elementor-widget elementor-widget-spacer\" data-id=\"2344fd5\" data-element_type=\"widget\" data-e-type=\"widget\" data-widget_type=\"spacer.default\">\n\t\t\t\t<div class=\"elementor-widget-container\">\n\t\t\t\t\t\t\t<div class=\"elementor-spacer\">\n\t\t\t<div class=\"elementor-spacer-inner\"><\/div>\n\t\t<\/div>\n\t\t\t\t\t\t<\/div>\n\t\t\t\t<\/div>\n\t\t\t\t\t<\/div>\n\t\t<\/div>\n\t\t\t\t\t<\/div>\n\t\t<\/section>\n\t\t\t\t<\/div>","protected":false},"excerpt":{"rendered":"<p>Viki Kooiman Administrator \/ Communications Officer North America As God weaves together the stories of our lives, He often brings experiences from the past back to light. After being familiar with and supporting ALTECO for several years, Viki joined our team in 2021 to serve as Administrator. Viki was interested in other cultures around the [&hellip;]<\/p>\n","protected":false},"author":8402,"featured_media":0,"parent":0,"menu_order":8,"comment_status":"closed","ping_status":"closed","template":"","meta":{"give_campaign_id":0,"ocean_post_layout":"","ocean_both_sidebars_style":"","ocean_both_sidebars_content_width":0,"ocean_both_sidebars_sidebars_width":0,"ocean_sidebar":"0","ocean_second_sidebar":"0","ocean_disable_margins":"enable","ocean_add_body_class":"","ocean_shortcode_before_top_bar":"","ocean_shortcode_after_top_bar":"","ocean_shortcode_before_header":"","ocean_shortcode_after_header":"","ocean_has_shortcode":"","ocean_shortcode_after_title":"","ocean_shortcode_before_footer_widgets":"","ocean_shortcode_after_footer_widgets":"","ocean_shortcode_before_footer_bottom":"","ocean_shortcode_after_footer_bottom":"","ocean_display_top_bar":"default","ocean_display_header":"default","ocean_header_style":"","ocean_center_header_left_menu":"0","ocean_custom_header_template":"0","ocean_custom_logo":0,"ocean_custom_retina_logo":0,"ocean_custom_logo_max_width":0,"ocean_custom_logo_tablet_max_width":0,"ocean_custom_logo_mobile_max_width":0,"ocean_custom_logo_max_height":0,"ocean_custom_logo_tablet_max_height":0,"ocean_custom_logo_mobile_max_height":0,"ocean_header_custom_menu":"0","ocean_menu_typo_font_family":"0","ocean_menu_typo_font_subset":"","ocean_menu_typo_font_size":0,"ocean_menu_typo_font_size_tablet":0,"ocean_menu_typo_font_size_mobile":0,"ocean_menu_typo_font_size_unit":"px","ocean_menu_typo_font_weight":"","ocean_menu_typo_font_weight_tablet":"","ocean_menu_typo_font_weight_mobile":"","ocean_menu_typo_transform":"","ocean_menu_typo_transform_tablet":"","ocean_menu_typo_transform_mobile":"","ocean_menu_typo_line_height":0,"ocean_menu_typo_line_height_tablet":0,"ocean_menu_typo_line_height_mobile":0,"ocean_menu_typo_line_height_unit":"","ocean_menu_typo_spacing":0,"ocean_menu_typo_spacing_tablet":0,"ocean_menu_typo_spacing_mobile":0,"ocean_menu_typo_spacing_unit":"","ocean_menu_link_color":"","ocean_menu_link_color_hover":"","ocean_menu_link_color_active":"","ocean_menu_link_background":"","ocean_menu_link_hover_background":"","ocean_menu_link_active_background":"","ocean_menu_social_links_bg":"","ocean_menu_social_hover_links_bg":"","ocean_menu_social_links_color":"","ocean_menu_social_hover_links_color":"","ocean_disable_title":"default","ocean_disable_heading":"default","ocean_post_title":"","ocean_post_subheading":"","ocean_post_title_style":"","ocean_post_title_background_color":"","ocean_post_title_background":0,"ocean_post_title_bg_image_position":"","ocean_post_title_bg_image_attachment":"","ocean_post_title_bg_image_repeat":"","ocean_post_title_bg_image_size":"","ocean_post_title_height":0,"ocean_post_title_bg_overlay":0.5,"ocean_post_title_bg_overlay_color":"","ocean_disable_breadcrumbs":"default","ocean_breadcrumbs_color":"","ocean_breadcrumbs_separator_color":"","ocean_breadcrumbs_links_color":"","ocean_breadcrumbs_links_hover_color":"","ocean_display_footer_widgets":"default","ocean_display_footer_bottom":"default","ocean_custom_footer_template":"0","footnotes":""},"class_list":["post-5330","page","type-page","status-publish","hentry","entry"],"yoast_head":"<!-- This site is optimized with the Yoast SEO plugin v27.4 - https:\/\/yoast.com\/product\/yoast-seo-wordpress\/ -->\n<title>Alteco - Viki Kooiman<\/title>\n<meta name=\"description\" content=\"Viki has a passion for serving others, strengthening families &amp; communities, and supporting leadership.\" \/>\n<meta name=\"robots\" content=\"index, follow, max-snippet:-1, max-image-preview:large, max-video-preview:-1\" \/>\n<link rel=\"canonical\" href=\"https:\/\/alteco.org\/es\/viki-kooiman\" \/>\n<meta property=\"og:locale\" content=\"es_MX\" \/>\n<meta property=\"og:type\" content=\"article\" \/>\n<meta property=\"og:title\" content=\"Alteco - Viki Kooiman\" \/>\n<meta property=\"og:description\" content=\"Viki has a passion for serving others, strengthening families &amp; communities, and supporting leadership.\" \/>\n<meta property=\"og:url\" content=\"https:\/\/alteco.org\/es\/viki-kooiman\" \/>\n<meta property=\"og:site_name\" content=\"Alteco\" \/>\n<meta property=\"article:modified_time\" content=\"2025-03-20T21:41:40+00:00\" \/>\n<meta property=\"og:image\" content=\"http:\/\/alteco.org\/wp-content\/uploads\/2024\/07\/Viki-Kooiman-24.jpg\" \/>\n<meta name=\"twitter:card\" content=\"summary_large_image\" \/>\n<meta name=\"twitter:label1\" content=\"Tiempo de lectura\" \/>\n\t<meta name=\"twitter:data1\" content=\"2 minutos\" \/>\n<script type=\"application\/ld+json\" class=\"yoast-schema-graph\">{\"@context\":\"https:\\\/\\\/schema.org\",\"@graph\":[{\"@type\":\"WebPage\",\"@id\":\"https:\\\/\\\/alteco.org\\\/es\\\/viki-kooiman\",\"url\":\"https:\\\/\\\/alteco.org\\\/es\\\/viki-kooiman\",\"name\":\"Alteco - Viki Kooiman\",\"isPartOf\":{\"@id\":\"https:\\\/\\\/alteco.org\\\/#website\"},\"primaryImageOfPage\":{\"@id\":\"https:\\\/\\\/alteco.org\\\/es\\\/viki-kooiman#primaryimage\"},\"image\":{\"@id\":\"https:\\\/\\\/alteco.org\\\/es\\\/viki-kooiman#primaryimage\"},\"thumbnailUrl\":\"http:\\\/\\\/alteco.org\\\/wp-content\\\/uploads\\\/2024\\\/07\\\/Viki-Kooiman-24.jpg\",\"datePublished\":\"2022-06-28T21:19:23+00:00\",\"dateModified\":\"2025-03-20T21:41:40+00:00\",\"description\":\"Viki has a passion for serving others, strengthening families & communities, and supporting leadership.\",\"breadcrumb\":{\"@id\":\"https:\\\/\\\/alteco.org\\\/es\\\/viki-kooiman#breadcrumb\"},\"inLanguage\":\"es\",\"potentialAction\":[{\"@type\":\"ReadAction\",\"target\":[\"https:\\\/\\\/alteco.org\\\/es\\\/viki-kooiman\"]}]},{\"@type\":\"ImageObject\",\"inLanguage\":\"es\",\"@id\":\"https:\\\/\\\/alteco.org\\\/es\\\/viki-kooiman#primaryimage\",\"url\":\"http:\\\/\\\/alteco.org\\\/wp-content\\\/uploads\\\/2024\\\/07\\\/Viki-Kooiman-24.jpg\",\"contentUrl\":\"http:\\\/\\\/alteco.org\\\/wp-content\\\/uploads\\\/2024\\\/07\\\/Viki-Kooiman-24.jpg\"},{\"@type\":\"BreadcrumbList\",\"@id\":\"https:\\\/\\\/alteco.org\\\/es\\\/viki-kooiman#breadcrumb\",\"itemListElement\":[{\"@type\":\"ListItem\",\"position\":1,\"name\":\"Home\",\"item\":\"https:\\\/\\\/alteco.org\\\/\"},{\"@type\":\"ListItem\",\"position\":2,\"name\":\"Viki Kooiman\"}]},{\"@type\":\"WebSite\",\"@id\":\"https:\\\/\\\/alteco.org\\\/#website\",\"url\":\"https:\\\/\\\/alteco.org\\\/\",\"name\":\"Alteco\",\"description\":\"Strengthening the Indigenous Church of the Amazon\",\"publisher\":{\"@id\":\"https:\\\/\\\/alteco.org\\\/#organization\"},\"potentialAction\":[{\"@type\":\"SearchAction\",\"target\":{\"@type\":\"EntryPoint\",\"urlTemplate\":\"https:\\\/\\\/alteco.org\\\/?s={search_term_string}\"},\"query-input\":{\"@type\":\"PropertyValueSpecification\",\"valueRequired\":true,\"valueName\":\"search_term_string\"}}],\"inLanguage\":\"es\"},{\"@type\":\"Organization\",\"@id\":\"https:\\\/\\\/alteco.org\\\/#organization\",\"name\":\"ALTECO\",\"url\":\"https:\\\/\\\/alteco.org\\\/\",\"logo\":{\"@type\":\"ImageObject\",\"inLanguage\":\"es\",\"@id\":\"https:\\\/\\\/alteco.org\\\/#\\\/schema\\\/logo\\\/image\\\/\",\"url\":\"http:\\\/\\\/alteco.org\\\/wp-content\\\/uploads\\\/2020\\\/03\\\/alteco-amazon-and-lowland-tribal-empowerment-coalition-logo.png\",\"contentUrl\":\"http:\\\/\\\/alteco.org\\\/wp-content\\\/uploads\\\/2020\\\/03\\\/alteco-amazon-and-lowland-tribal-empowerment-coalition-logo.png\",\"width\":250,\"height\":170,\"caption\":\"ALTECO\"},\"image\":{\"@id\":\"https:\\\/\\\/alteco.org\\\/#\\\/schema\\\/logo\\\/image\\\/\"}}]}<\/script>\n<!-- \/ Yoast SEO plugin. -->","yoast_head_json":{"title":"Alteco - Viki Kooiman","description":"Viki has a passion for serving others, strengthening families & communities, and supporting leadership.","robots":{"index":"index","follow":"follow","max-snippet":"max-snippet:-1","max-image-preview":"max-image-preview:large","max-video-preview":"max-video-preview:-1"},"canonical":"https:\/\/alteco.org\/es\/viki-kooiman","og_locale":"es_MX","og_type":"article","og_title":"Alteco - Viki Kooiman","og_description":"Viki has a passion for serving others, strengthening families & communities, and supporting leadership.","og_url":"https:\/\/alteco.org\/es\/viki-kooiman","og_site_name":"Alteco","article_modified_time":"2025-03-20T21:41:40+00:00","og_image":[{"url":"http:\/\/alteco.org\/wp-content\/uploads\/2024\/07\/Viki-Kooiman-24.jpg","type":"","width":"","height":""}],"twitter_card":"summary_large_image","twitter_misc":{"Tiempo de lectura":"2 minutos"},"schema":{"@context":"https:\/\/schema.org","@graph":[{"@type":"WebPage","@id":"https:\/\/alteco.org\/es\/viki-kooiman","url":"https:\/\/alteco.org\/es\/viki-kooiman","name":"Alteco - Viki Kooiman","isPartOf":{"@id":"https:\/\/alteco.org\/#website"},"primaryImageOfPage":{"@id":"https:\/\/alteco.org\/es\/viki-kooiman#primaryimage"},"image":{"@id":"https:\/\/alteco.org\/es\/viki-kooiman#primaryimage"},"thumbnailUrl":"http:\/\/alteco.org\/wp-content\/uploads\/2024\/07\/Viki-Kooiman-24.jpg","datePublished":"2022-06-28T21:19:23+00:00","dateModified":"2025-03-20T21:41:40+00:00","description":"Viki has a passion for serving others, strengthening families & communities, and supporting leadership.","breadcrumb":{"@id":"https:\/\/alteco.org\/es\/viki-kooiman#breadcrumb"},"inLanguage":"es","potentialAction":[{"@type":"ReadAction","target":["https:\/\/alteco.org\/es\/viki-kooiman"]}]},{"@type":"ImageObject","inLanguage":"es","@id":"https:\/\/alteco.org\/es\/viki-kooiman#primaryimage","url":"http:\/\/alteco.org\/wp-content\/uploads\/2024\/07\/Viki-Kooiman-24.jpg","contentUrl":"http:\/\/alteco.org\/wp-content\/uploads\/2024\/07\/Viki-Kooiman-24.jpg"},{"@type":"BreadcrumbList","@id":"https:\/\/alteco.org\/es\/viki-kooiman#breadcrumb","itemListElement":[{"@type":"ListItem","position":1,"name":"Home","item":"https:\/\/alteco.org\/"},{"@type":"ListItem","position":2,"name":"Viki Kooiman"}]},{"@type":"WebSite","@id":"https:\/\/alteco.org\/#website","url":"https:\/\/alteco.org\/","name":"Alteco","description":"Strengthening the Indigenous Church of the Amazon","publisher":{"@id":"https:\/\/alteco.org\/#organization"},"potentialAction":[{"@type":"SearchAction","target":{"@type":"EntryPoint","urlTemplate":"https:\/\/alteco.org\/?s={search_term_string}"},"query-input":{"@type":"PropertyValueSpecification","valueRequired":true,"valueName":"search_term_string"}}],"inLanguage":"es"},{"@type":"Organization","@id":"https:\/\/alteco.org\/#organization","name":"ALTECO","url":"https:\/\/alteco.org\/","logo":{"@type":"ImageObject","inLanguage":"es","@id":"https:\/\/alteco.org\/#\/schema\/logo\/image\/","url":"http:\/\/alteco.org\/wp-content\/uploads\/2020\/03\/alteco-amazon-and-lowland-tribal-empowerment-coalition-logo.png","contentUrl":"http:\/\/alteco.org\/wp-content\/uploads\/2020\/03\/alteco-amazon-and-lowland-tribal-empowerment-coalition-logo.png","width":250,"height":170,"caption":"ALTECO"},"image":{"@id":"https:\/\/alteco.org\/#\/schema\/logo\/image\/"}}]}},"campaignId":"","_links":{"self":[{"href":"https:\/\/alteco.org\/es\/wp-json\/wp\/v2\/pages\/5330","targetHints":{"allow":["GET"]}}],"collection":[{"href":"https:\/\/alteco.org\/es\/wp-json\/wp\/v2\/pages"}],"about":[{"href":"https:\/\/alteco.org\/es\/wp-json\/wp\/v2\/types\/page"}],"author":[{"embeddable":true,"href":"https:\/\/alteco.org\/es\/wp-json\/wp\/v2\/users\/8402"}],"replies":[{"embeddable":true,"href":"https:\/\/alteco.org\/es\/wp-json\/wp\/v2\/comments?post=5330"}],"version-history":[{"count":0,"href":"https:\/\/alteco.org\/es\/wp-json\/wp\/v2\/pages\/5330\/revisions"}],"wp:attachment":[{"href":"https:\/\/alteco.org\/es\/wp-json\/wp\/v2\/media?parent=5330"}],"curies":[{"name":"wp","href":"https:\/\/api.w.org\/{rel}","templated":true}]}}